{"id":12507,"date":"2024-07-08T15:12:54","date_gmt":"2024-07-08T19:12:54","guid":{"rendered":"https:\/\/www.sovra.com\/?page_id=12507"},"modified":"2026-01-26T13:32:07","modified_gmt":"2026-01-26T18:32:07","slug":"reserver-une-demo","status":"publish","type":"page","link":"https:\/\/www.sovra.com\/fr\/reserver-une-demo\/","title":{"rendered":"R\u00e9server une d\u00e9mo"},"content":{"rendered":"\t\t<div data-elementor-type=\"wp-page\" data-elementor-id=\"12507\" class=\"elementor elementor-12507 elementor-1131\" data-elementor-post-type=\"page\">\n\t\t\t\t<div data-particle_enable=\"false\" data-particle-mobile-disabled=\"false\" class=\"elementor-element elementor-element-72f3cc5 e-con-full e-flex e-con e-parent\" data-id=\"72f3cc5\" data-element_type=\"container\" data-e-type=\"container\" data-settings=\"{&quot;background_background&quot;:&quot;classic&quot;,&quot;ekit_has_onepagescroll_dot&quot;:&quot;yes&quot;}\">\n\t\t<div data-particle_enable=\"false\" data-particle-mobile-disabled=\"false\" class=\"elementor-element elementor-element-20352bd e-con-full e-flex e-con e-child\" data-id=\"20352bd\" data-element_type=\"container\" data-e-type=\"container\" data-settings=\"{&quot;background_background&quot;:&quot;classic&quot;,&quot;ekit_has_onepagescroll_dot&quot;:&quot;yes&quot;}\">\n\t\t<div data-particle_enable=\"false\" data-particle-mobile-disabled=\"false\" class=\"elementor-element elementor-element-789c245 e-con-full e-flex e-con e-child\" data-id=\"789c245\" data-element_type=\"container\" data-e-type=\"container\" data-settings=\"{&quot;ekit_has_onepagescroll_dot&quot;:&quot;yes&quot;}\">\n\t\t\t\t<div class=\"elementor-element elementor-element-02a32ab elementor-widget elementor-widget-heading\" data-id=\"02a32ab\" data-element_type=\"widget\" data-e-type=\"widget\" data-settings=\"{&quot;ekit_we_effect_on&quot;:&quot;none&quot;}\" data-widget_type=\"heading.default\">\n\t\t\t\t<div class=\"elementor-widget-container\">\n\t\t\t\t\t<h1 class=\"elementor-heading-title elementor-size-default\">Ensemble, red\u00e9finissons les march\u00e9s publics<\/h1>\t\t\t\t<\/div>\n\t\t\t\t<\/div>\n\t\t\t\t<\/div>\n\t\t\t\t<\/div>\n\t\t\t\t<\/div>\n\t\t<div data-particle_enable=\"false\" data-particle-mobile-disabled=\"false\" class=\"elementor-element elementor-element-37331277 e-con-full e-flex e-con e-parent\" data-id=\"37331277\" data-element_type=\"container\" data-e-type=\"container\" data-settings=\"{&quot;background_background&quot;:&quot;classic&quot;,&quot;ekit_has_onepagescroll_dot&quot;:&quot;yes&quot;}\">\n\t\t<div data-particle_enable=\"false\" data-particle-mobile-disabled=\"false\" class=\"elementor-element elementor-element-e6ee77b e-con-full e-flex e-con e-child\" data-id=\"e6ee77b\" data-element_type=\"container\" data-e-type=\"container\" data-settings=\"{&quot;ekit_has_onepagescroll_dot&quot;:&quot;yes&quot;}\">\n\t\t<div data-particle_enable=\"false\" data-particle-mobile-disabled=\"false\" class=\"elementor-element elementor-element-1895138c e-con-full e-flex e-con e-child\" data-id=\"1895138c\" data-element_type=\"container\" data-e-type=\"container\" data-settings=\"{&quot;ekit_has_onepagescroll_dot&quot;:&quot;yes&quot;}\">\n\t\t\t\t<div class=\"elementor-element elementor-element-4402b25f elementor-widget elementor-widget-heading\" data-id=\"4402b25f\" data-element_type=\"widget\" data-e-type=\"widget\" data-settings=\"{&quot;ekit_we_effect_on&quot;:&quot;none&quot;}\" data-widget_type=\"heading.default\">\n\t\t\t\t<div class=\"elementor-widget-container\">\n\t\t\t\t\t<h3 class=\"elementor-heading-title elementor-size-default\">Faites \u00e9quipe avec nous dans votre parcours d\u2019approvisionnement.<\/h3>\t\t\t\t<\/div>\n\t\t\t\t<\/div>\n\t\t\t\t<div class=\"elementor-element elementor-element-2f94c675 elementor-widget elementor-widget-text-editor\" data-id=\"2f94c675\" data-element_type=\"widget\" data-e-type=\"widget\" data-settings=\"{&quot;ekit_we_effect_on&quot;:&quot;none&quot;}\" data-widget_type=\"text-editor.default\">\n\t\t\t\t<div class=\"elementor-widget-container\">\n\t\t\t\t\t\t\t\t\t<p>Avec nos solutions pour les march\u00e9s publics, vous entrez dans un monde o\u00f9 l\u2019approvisionnement est synonyme de progr\u00e8s, d\u2019efficacit\u00e9 et d\u2019impact. Plus qu\u2019un fournisseur, nous sommes un partenaire dans votre parcours pour red\u00e9finir les march\u00e9s publics.<\/p>\t\t\t\t\t\t\t\t<\/div>\n\t\t\t\t<\/div>\n\t\t\t\t<\/div>\n\t\t\t\t<\/div>\n\t\t<div data-particle_enable=\"false\" data-particle-mobile-disabled=\"false\" class=\"elementor-element elementor-element-1abb79a8 e-con-full e-flex e-con e-child\" data-id=\"1abb79a8\" data-element_type=\"container\" data-e-type=\"container\" data-settings=\"{&quot;ekit_has_onepagescroll_dot&quot;:&quot;yes&quot;}\">\n\t\t\t\t<div class=\"elementor-element elementor-element-35525762 elementor-widget elementor-widget-heading\" data-id=\"35525762\" data-element_type=\"widget\" data-e-type=\"widget\" data-settings=\"{&quot;ekit_we_effect_on&quot;:&quot;none&quot;}\" data-widget_type=\"heading.default\">\n\t\t\t\t<div class=\"elementor-widget-container\">\n\t\t\t\t\t<h5 class=\"elementor-heading-title elementor-size-default\">Veuillez remplir le formulaire ci-dessous et nous communiquerons rapidement avec vous.<\/h5>\t\t\t\t<\/div>\n\t\t\t\t<\/div>\n\t\t\t\t<div class=\"elementor-element elementor-element-4c2e7c39 elementor-widget elementor-widget-html\" data-id=\"4c2e7c39\" data-element_type=\"widget\" data-e-type=\"widget\" data-settings=\"{&quot;ekit_we_effect_on&quot;:&quot;none&quot;}\" data-widget_type=\"html.default\">\n\t\t\t\t<div class=\"elementor-widget-container\">\n\t\t\t\t\t<script charset=\"utf-8\" type=\"text\/javascript\" src=\"\/\/js.hsforms.net\/forms\/embed\/v2.js\"><\/script>\n<script>\n  hbspt.forms.create({\n    portalId: \"8465427\",\n    formId: \"34d31d60-99b4-4fa7-a7db-014b30eb53be\",\n    region: \"na1\"\n  });\n<\/script>\t\t\t\t<\/div>\n\t\t\t\t<\/div>\n\t\t\t\t<\/div>\n\t\t\t\t<\/div>\n\t\t<div data-particle_enable=\"false\" data-particle-mobile-disabled=\"false\" class=\"elementor-element elementor-element-440cef4d e-flex e-con-boxed e-con e-parent\" data-id=\"440cef4d\" data-element_type=\"container\" data-e-type=\"container\" data-settings=\"{&quot;background_background&quot;:&quot;classic&quot;,&quot;ekit_has_onepagescroll_dot&quot;:&quot;yes&quot;}\">\n\t\t\t\t\t<div class=\"e-con-inner\">\n\t\t\t\t<div class=\"elementor-element elementor-element-5599c5b7 elementor-widget elementor-widget-spacer\" data-id=\"5599c5b7\" data-element_type=\"widget\" data-e-type=\"widget\" data-settings=\"{&quot;ekit_we_effect_on&quot;:&quot;none&quot;}\" data-widget_type=\"spacer.default\">\n\t\t\t\t<div class=\"elementor-widget-container\">\n\t\t\t\t\t\t\t<div class=\"elementor-spacer\">\n\t\t\t<div class=\"elementor-spacer-inner\"><\/div>\n\t\t<\/div>\n\t\t\t\t\t\t<\/div>\n\t\t\t\t<\/div>\n\t\t\t\t\t<\/div>\n\t\t\t\t<\/div>\n\t\t\t\t<\/div>\n\t\t","protected":false},"excerpt":{"rendered":"<p>Ensemble, red\u00e9finissons les march\u00e9s publics Faites \u00e9quipe avec nous dans votre parcours d\u2019approvisionnement. Avec nos solutions pour les march\u00e9s publics, vous entrez dans un monde o\u00f9 l\u2019approvisionnement est synonyme de progr\u00e8s, d\u2019efficacit\u00e9 et d\u2019impact. Plus qu\u2019un fournisseur, nous sommes un partenaire dans votre parcours pour red\u00e9finir les march\u00e9s publics. Veuillez remplir le formulaire ci-dessous et nous communiquerons rapidement avec vous.<\/p>\n","protected":false},"author":1,"featured_media":0,"parent":0,"menu_order":0,"comment_status":"closed","ping_status":"closed","template":"","meta":{"_acf_changed":false,"inline_featured_image":false,"footnotes":""},"folder":[],"class_list":["post-12507","page","type-page","status-publish","hentry"],"acf":[],"_links":{"self":[{"href":"https:\/\/www.sovra.com\/fr\/wp-json\/wp\/v2\/pages\/12507","targetHints":{"allow":["GET"]}}],"collection":[{"href":"https:\/\/www.sovra.com\/fr\/wp-json\/wp\/v2\/pages"}],"about":[{"href":"https:\/\/www.sovra.com\/fr\/wp-json\/wp\/v2\/types\/page"}],"author":[{"embeddable":true,"href":"https:\/\/www.sovra.com\/fr\/wp-json\/wp\/v2\/users\/1"}],"replies":[{"embeddable":true,"href":"https:\/\/www.sovra.com\/fr\/wp-json\/wp\/v2\/comments?post=12507"}],"version-history":[{"count":7,"href":"https:\/\/www.sovra.com\/fr\/wp-json\/wp\/v2\/pages\/12507\/revisions"}],"predecessor-version":[{"id":13266,"href":"https:\/\/www.sovra.com\/fr\/wp-json\/wp\/v2\/pages\/12507\/revisions\/13266"}],"wp:attachment":[{"href":"https:\/\/www.sovra.com\/fr\/wp-json\/wp\/v2\/media?parent=12507"}],"wp:term":[{"taxonomy":"folder","embeddable":true,"href":"https:\/\/www.sovra.com\/fr\/wp-json\/wp\/v2\/folder?post=12507"}],"curies":[{"name":"wp","href":"https:\/\/api.w.org\/{rel}","templated":true}]}}